{"id":46943,"date":"2021-04-19T16:39:05","date_gmt":"2021-04-19T14:39:05","guid":{"rendered":"https:\/\/www.evidian.com\/?page_id=46943"},"modified":"2026-02-17T14:50:24","modified_gmt":"2026-02-17T12:50:24","slug":"licence-essai-gratuit-haute-disponibilite-safekit","status":"publish","type":"page","link":"https:\/\/www.evidian.com\/fr\/produits\/haute-disponibilite-logiciel-clustering-application\/licence-essai-gratuit-haute-disponibilite-safekit\/","title":{"rendered":"Remplissez le formulaire ci-dessous pour recevoir votre cl\u00e9 de licence SafeKit d'un mois pour Windows et Linux."},"content":{"rendered":"<div id=\"pl-46943\"  class=\"panel-layout\" ><div id=\"pg-46943-0\"  class=\"panel-grid panel-has-style\" ><div class=\"panel-row-style panel-row-style-for-46943-0\" ><div id=\"pgc-46943-0-0\"  class=\"panel-grid-cell\" ><div id=\"panel-46943-0-0-0\" class=\"so-panel widget widget_sow-editor panel-first-child panel-last-child\" data-index=\"0\" ><div class=\"panel-widget-style panel-widget-style-for-46943-0-0-0\" ><div\n\t\t\t\n\t\t\tclass=\"so-widget-sow-editor so-widget-sow-editor-base\"\n\t\t\t\n\t\t>\n<div class=\"siteorigin-widget-tinymce textwidget\">\n\t<h1 style=\"text-align: left; color: white; font-size: 38px;\">Remplissez le formulaire ci-dessous pour recevoir votre cl\u00e9 de licence SafeKit d'un mois pour Windows et Linux.<\/h1>\n<h2 style=\"text-align: left; color: white; font-size: 26px;\">SafeKit propose une architecture sans SAN pour la haute disponibilit\u00e9 sous Windows et Linux<\/h2>\n<\/div>\n<\/div><\/div><\/div><\/div><\/div><\/div><div id=\"pg-46943-1\"  class=\"panel-grid panel-has-style\" ><div class=\"panel-row-style panel-row-style-for-46943-1\" ><div id=\"pgc-46943-1-0\"  class=\"panel-grid-cell\" ><div id=\"panel-46943-1-0-0\" class=\"so-panel widget widget_sow-editor panel-first-child panel-last-child\" data-index=\"1\" ><div\n\t\t\t\n\t\t\tclass=\"so-widget-sow-editor so-widget-sow-editor-base\"\n\t\t\t\n\t\t>\n<div class=\"siteorigin-widget-tinymce textwidget\">\n\t<h2 style=\"text-align: center;\">Veuillez remplir le formulaire pour t\u00e9l\u00e9charger une licence d'essai gratuit de notre produit SafeKit<\/h2>\n<\/div>\n<\/div><\/div><\/div><\/div><\/div><div id=\"pg-46943-2\"  class=\"panel-grid panel-has-style\" ><div class=\"panel-row-style panel-row-style-for-46943-2\" ><div id=\"pgc-46943-2-0\"  class=\"panel-grid-cell panel-grid-cell-empty\" ><\/div><div id=\"pgc-46943-2-1\"  class=\"panel-grid-cell panel-grid-cell-mobile-last\" ><div id=\"panel-46943-2-1-0\" class=\"widget_text so-panel widget widget_custom_html panel-first-child panel-last-child\" data-index=\"2\" ><div class=\"textwidget custom-html-widget\"><p style=\"text-align: center;\"><iframe style=\"width: 800px; height: 1000px; text-align: left; overflow: hidden; border: none; border-radius: 20px;\" src=\"\/fr\/produits\/haute-disponibilite-logiciel-clustering-application\/safekit-marketo-form-free-trial-license-fr\/\" scrolling=\"no\"><\/iframe><\/p><\/div><\/div><\/div><div id=\"pgc-46943-2-2\"  class=\"panel-grid-cell panel-grid-cell-empty\" ><\/div><\/div><\/div><\/div>","protected":false},"excerpt":{"rendered":"Remplissez le formulaire ci-dessous pour recevoir votre cl\u00e9 de licence SafeKit d'un mois pour Windows et Linux. SafeKit propose une architecture sans SAN pour la haute disponibilit\u00e9 sous Windows et Linux Veuillez remplir le formulaire pour t\u00e9l\u00e9charger une licence d'essai gratuit de notre produit SafeKit","protected":false},"author":71,"featured_media":0,"parent":4303,"menu_order":0,"comment_status":"closed","ping_status":"closed","template":"page-full-screen-marketo-form.php","meta":{"_acf_changed":false,"_lmt_disableupdate":"no","_lmt_disable":"","footnotes":""},"class_list":["post-46943","page","type-page","status-publish","hentry"],"acf":[],"yoast_head":"<!-- This site is optimized with the Yoast SEO Premium plugin v27.3 (Yoast SEO v27.3) - https:\/\/yoast.com\/product\/yoast-seo-premium-wordpress\/ -->\n<title>Remplissez le formulaire ci-dessous pour recevoir votre cl\u00e9 de licence SafeKit d&#039;un mois pour Windows et Linux. - Evidian<\/title>\n<meta name=\"description\" content=\"Remplissez le formulaire pour obtenir votre cl\u00e9 de licence SafeKit d&#039;un mois. SafeKit propose une architecture sans SAN pour Windows et Linux, facilitant ainsi les tests de haute disponibilit\u00e9.\" \/>\n<meta name=\"robots\" content=\"index, follow, max-snippet:-1, max-image-preview:large, max-video-preview:-1\" \/>\n<link rel=\"canonical\" href=\"https:\/\/www.evidian.com\/fr\/produits\/haute-disponibilite-logiciel-clustering-application\/licence-essai-gratuit-haute-disponibilite-safekit\/\" \/>\n<meta property=\"og:locale\" content=\"fr_FR\" \/>\n<meta property=\"og:type\" content=\"article\" \/>\n<meta property=\"og:title\" content=\"Remplissez le formulaire ci-dessous pour recevoir votre cl\u00e9 de licence SafeKit d&#039;un mois pour Windows et Linux.\" \/>\n<meta property=\"og:description\" content=\"Remplissez le formulaire pour obtenir votre cl\u00e9 de licence SafeKit d&#039;un mois. SafeKit propose une architecture sans SAN pour Windows et Linux, facilitant ainsi les tests de haute disponibilit\u00e9.\" \/>\n<meta property=\"og:url\" content=\"https:\/\/www.evidian.com\/fr\/produits\/haute-disponibilite-logiciel-clustering-application\/licence-essai-gratuit-haute-disponibilite-safekit\/\" \/>\n<meta property=\"og:site_name\" content=\"Evidian\" \/>\n<meta property=\"article:modified_time\" content=\"2026-02-17T12:50:24+00:00\" \/>\n<meta name=\"twitter:label1\" content=\"Dur\u00e9e de lecture estim\u00e9e\" \/>\n\t<meta name=\"twitter:data1\" content=\"1 minute\" \/>\n<script type=\"application\/ld+json\" class=\"yoast-schema-graph\">{\"@context\":\"https:\\\/\\\/schema.org\",\"@graph\":[{\"@type\":\"WebPage\",\"@id\":\"https:\\\/\\\/www.evidian.com\\\/fr\\\/produits\\\/haute-disponibilite-logiciel-clustering-application\\\/licence-essai-gratuit-haute-disponibilite-safekit\\\/\",\"url\":\"https:\\\/\\\/www.evidian.com\\\/fr\\\/produits\\\/haute-disponibilite-logiciel-clustering-application\\\/licence-essai-gratuit-haute-disponibilite-safekit\\\/\",\"name\":\"Remplissez le formulaire ci-dessous pour recevoir votre cl\u00e9 de licence SafeKit d'un mois pour Windows et Linux. - Evidian\",\"isPartOf\":{\"@id\":\"https:\\\/\\\/www.evidian.com\\\/fr\\\/#website\"},\"datePublished\":\"2021-04-19T14:39:05+00:00\",\"dateModified\":\"2026-02-17T12:50:24+00:00\",\"description\":\"Remplissez le formulaire pour obtenir votre cl\u00e9 de licence SafeKit d'un mois. SafeKit propose une architecture sans SAN pour Windows et Linux, facilitant ainsi les tests de haute disponibilit\u00e9.\",\"breadcrumb\":{\"@id\":\"https:\\\/\\\/www.evidian.com\\\/fr\\\/produits\\\/haute-disponibilite-logiciel-clustering-application\\\/licence-essai-gratuit-haute-disponibilite-safekit\\\/#breadcrumb\"},\"inLanguage\":\"fr-FR\",\"potentialAction\":[{\"@type\":\"ReadAction\",\"target\":[\"https:\\\/\\\/www.evidian.com\\\/fr\\\/produits\\\/haute-disponibilite-logiciel-clustering-application\\\/licence-essai-gratuit-haute-disponibilite-safekit\\\/\"]}]},{\"@type\":\"BreadcrumbList\",\"@id\":\"https:\\\/\\\/www.evidian.com\\\/fr\\\/produits\\\/haute-disponibilite-logiciel-clustering-application\\\/licence-essai-gratuit-haute-disponibilite-safekit\\\/#breadcrumb\",\"itemListElement\":[{\"@type\":\"ListItem\",\"position\":1,\"name\":\"Evidian\",\"item\":\"https:\\\/\\\/www.evidian.com\\\/fr\\\/\"},{\"@type\":\"ListItem\",\"position\":2,\"name\":\"Produits\",\"item\":\"https:\\\/\\\/www.evidian.com\\\/fr\\\/produits\\\/\"},{\"@type\":\"ListItem\",\"position\":3,\"name\":\"SafeKit : logiciel tout-en-un de haute disponibilit\u00e9 \u00ab SANless \u00bb et de clustering d'applications\",\"item\":\"https:\\\/\\\/www.evidian.com\\\/fr\\\/produits\\\/haute-disponibilite-logiciel-clustering-application\\\/\"},{\"@type\":\"ListItem\",\"position\":4,\"name\":\"Remplissez le formulaire ci-dessous pour recevoir votre cl\u00e9 de licence SafeKit d'un mois pour Windows et Linux.\"}]},{\"@type\":\"WebSite\",\"@id\":\"https:\\\/\\\/www.evidian.com\\\/fr\\\/#website\",\"url\":\"https:\\\/\\\/www.evidian.com\\\/fr\\\/\",\"name\":\"Evidian\",\"description\":\"Set in menu above: SEO\\\/SEO Settings\\\/Title &amp; Metas\\\/Home\",\"publisher\":{\"@id\":\"https:\\\/\\\/www.evidian.com\\\/fr\\\/#organization\"},\"potentialAction\":[{\"@type\":\"SearchAction\",\"target\":{\"@type\":\"EntryPoint\",\"urlTemplate\":\"https:\\\/\\\/www.evidian.com\\\/fr\\\/?s={search_term_string}\"},\"query-input\":{\"@type\":\"PropertyValueSpecification\",\"valueRequired\":true,\"valueName\":\"search_term_string\"}}],\"inLanguage\":\"fr-FR\"},{\"@type\":\"Organization\",\"@id\":\"https:\\\/\\\/www.evidian.com\\\/fr\\\/#organization\",\"name\":\"Evidian\",\"alternateName\":\"Evidian\",\"url\":\"https:\\\/\\\/www.evidian.com\\\/fr\\\/\",\"logo\":{\"@type\":\"ImageObject\",\"inLanguage\":\"fr-FR\",\"@id\":\"https:\\\/\\\/www.evidian.com\\\/fr\\\/#\\\/schema\\\/logo\\\/image\\\/\",\"url\":\"https:\\\/\\\/www.evidian.com\\\/wp-content\\\/uploads\\\/2024\\\/01\\\/evidian-new-blue-1.png\",\"contentUrl\":\"https:\\\/\\\/www.evidian.com\\\/wp-content\\\/uploads\\\/2024\\\/01\\\/evidian-new-blue-1.png\",\"width\":734,\"height\":200,\"caption\":\"Evidian\"},\"image\":{\"@id\":\"https:\\\/\\\/www.evidian.com\\\/fr\\\/#\\\/schema\\\/logo\\\/image\\\/\"},\"sameAs\":[\"https:\\\/\\\/www.linkedin.com\\\/showcase\\\/eviden-cybersecurity\\\/\",\"https:\\\/\\\/www.youtube.com\\\/channel\\\/UCJKPuw2SDVNYUjZEJyLbIAA\"]}]}<\/script>\n<!-- \/ Yoast SEO Premium plugin. -->","yoast_head_json":{"title":"Remplissez le formulaire ci-dessous pour recevoir votre cl\u00e9 de licence SafeKit d'un mois pour Windows et Linux. - Evidian","description":"Remplissez le formulaire pour obtenir votre cl\u00e9 de licence SafeKit d'un mois. SafeKit propose une architecture sans SAN pour Windows et Linux, facilitant ainsi les tests de haute disponibilit\u00e9.","robots":{"index":"index","follow":"follow","max-snippet":"max-snippet:-1","max-image-preview":"max-image-preview:large","max-video-preview":"max-video-preview:-1"},"canonical":"https:\/\/www.evidian.com\/fr\/produits\/haute-disponibilite-logiciel-clustering-application\/licence-essai-gratuit-haute-disponibilite-safekit\/","og_locale":"fr_FR","og_type":"article","og_title":"Remplissez le formulaire ci-dessous pour recevoir votre cl\u00e9 de licence SafeKit d'un mois pour Windows et Linux.","og_description":"Remplissez le formulaire pour obtenir votre cl\u00e9 de licence SafeKit d'un mois. SafeKit propose une architecture sans SAN pour Windows et Linux, facilitant ainsi les tests de haute disponibilit\u00e9.","og_url":"https:\/\/www.evidian.com\/fr\/produits\/haute-disponibilite-logiciel-clustering-application\/licence-essai-gratuit-haute-disponibilite-safekit\/","og_site_name":"Evidian","article_modified_time":"2026-02-17T12:50:24+00:00","twitter_misc":{"Dur\u00e9e de lecture estim\u00e9e":"1 minute"},"schema":{"@context":"https:\/\/schema.org","@graph":[{"@type":"WebPage","@id":"https:\/\/www.evidian.com\/fr\/produits\/haute-disponibilite-logiciel-clustering-application\/licence-essai-gratuit-haute-disponibilite-safekit\/","url":"https:\/\/www.evidian.com\/fr\/produits\/haute-disponibilite-logiciel-clustering-application\/licence-essai-gratuit-haute-disponibilite-safekit\/","name":"Remplissez le formulaire ci-dessous pour recevoir votre cl\u00e9 de licence SafeKit d'un mois pour Windows et Linux. - Evidian","isPartOf":{"@id":"https:\/\/www.evidian.com\/fr\/#website"},"datePublished":"2021-04-19T14:39:05+00:00","dateModified":"2026-02-17T12:50:24+00:00","description":"Remplissez le formulaire pour obtenir votre cl\u00e9 de licence SafeKit d'un mois. SafeKit propose une architecture sans SAN pour Windows et Linux, facilitant ainsi les tests de haute disponibilit\u00e9.","breadcrumb":{"@id":"https:\/\/www.evidian.com\/fr\/produits\/haute-disponibilite-logiciel-clustering-application\/licence-essai-gratuit-haute-disponibilite-safekit\/#breadcrumb"},"inLanguage":"fr-FR","potentialAction":[{"@type":"ReadAction","target":["https:\/\/www.evidian.com\/fr\/produits\/haute-disponibilite-logiciel-clustering-application\/licence-essai-gratuit-haute-disponibilite-safekit\/"]}]},{"@type":"BreadcrumbList","@id":"https:\/\/www.evidian.com\/fr\/produits\/haute-disponibilite-logiciel-clustering-application\/licence-essai-gratuit-haute-disponibilite-safekit\/#breadcrumb","itemListElement":[{"@type":"ListItem","position":1,"name":"Evidian","item":"https:\/\/www.evidian.com\/fr\/"},{"@type":"ListItem","position":2,"name":"Produits","item":"https:\/\/www.evidian.com\/fr\/produits\/"},{"@type":"ListItem","position":3,"name":"SafeKit : logiciel tout-en-un de haute disponibilit\u00e9 \u00ab SANless \u00bb et de clustering d'applications","item":"https:\/\/www.evidian.com\/fr\/produits\/haute-disponibilite-logiciel-clustering-application\/"},{"@type":"ListItem","position":4,"name":"Remplissez le formulaire ci-dessous pour recevoir votre cl\u00e9 de licence SafeKit d'un mois pour Windows et Linux."}]},{"@type":"WebSite","@id":"https:\/\/www.evidian.com\/fr\/#website","url":"https:\/\/www.evidian.com\/fr\/","name":"Evidian","description":"Set in menu above: SEO\/SEO Settings\/Title &amp; Metas\/Home","publisher":{"@id":"https:\/\/www.evidian.com\/fr\/#organization"},"potentialAction":[{"@type":"SearchAction","target":{"@type":"EntryPoint","urlTemplate":"https:\/\/www.evidian.com\/fr\/?s={search_term_string}"},"query-input":{"@type":"PropertyValueSpecification","valueRequired":true,"valueName":"search_term_string"}}],"inLanguage":"fr-FR"},{"@type":"Organization","@id":"https:\/\/www.evidian.com\/fr\/#organization","name":"Evidian","alternateName":"Evidian","url":"https:\/\/www.evidian.com\/fr\/","logo":{"@type":"ImageObject","inLanguage":"fr-FR","@id":"https:\/\/www.evidian.com\/fr\/#\/schema\/logo\/image\/","url":"https:\/\/www.evidian.com\/wp-content\/uploads\/2024\/01\/evidian-new-blue-1.png","contentUrl":"https:\/\/www.evidian.com\/wp-content\/uploads\/2024\/01\/evidian-new-blue-1.png","width":734,"height":200,"caption":"Evidian"},"image":{"@id":"https:\/\/www.evidian.com\/fr\/#\/schema\/logo\/image\/"},"sameAs":["https:\/\/www.linkedin.com\/showcase\/eviden-cybersecurity\/","https:\/\/www.youtube.com\/channel\/UCJKPuw2SDVNYUjZEJyLbIAA"]}]}},"_links":{"self":[{"href":"https:\/\/www.evidian.com\/fr\/wp-json\/wp\/v2\/pages\/46943","targetHints":{"allow":["GET"]}}],"collection":[{"href":"https:\/\/www.evidian.com\/fr\/wp-json\/wp\/v2\/pages"}],"about":[{"href":"https:\/\/www.evidian.com\/fr\/wp-json\/wp\/v2\/types\/page"}],"author":[{"embeddable":true,"href":"https:\/\/www.evidian.com\/fr\/wp-json\/wp\/v2\/users\/71"}],"replies":[{"embeddable":true,"href":"https:\/\/www.evidian.com\/fr\/wp-json\/wp\/v2\/comments?post=46943"}],"version-history":[{"count":0,"href":"https:\/\/www.evidian.com\/fr\/wp-json\/wp\/v2\/pages\/46943\/revisions"}],"up":[{"embeddable":true,"href":"https:\/\/www.evidian.com\/fr\/wp-json\/wp\/v2\/pages\/4303"}],"wp:attachment":[{"href":"https:\/\/www.evidian.com\/fr\/wp-json\/wp\/v2\/media?parent=46943"}],"curies":[{"name":"wp","href":"https:\/\/api.w.org\/{rel}","templated":true}]}}